{"id":28,"date":"2021-03-10T20:12:13","date_gmt":"2021-03-10T20:12:13","guid":{"rendered":"http:\/\/ra-wurnig.at\/?page_id=28"},"modified":"2021-03-13T16:50:15","modified_gmt":"2021-03-13T16:50:15","slug":"raw","status":"publish","type":"page","link":"https:\/\/ra-wurnig.at\/","title":{"rendered":"RA\\W"},"content":{"rendered":"\t\t<div data-elementor-type=\"wp-page\" data-elementor-id=\"28\" class=\"elementor elementor-28\" data-elementor-settings=\"[]\">\n\t\t\t\t\t\t<div class=\"elementor-inner\">\n\t\t\t\t\t\t\t<div class=\"elementor-section-wrap\">\n\t\t\t\t\t\t\t<section class=\"elementor-section elementor-top-section elementor-element elementor-element-9bcbfe3 elementor-section-full_width elementor-section-height-min-height elementor-section-height-default elementor-section-items-middle\" data-id=\"9bcbfe3\" data-element_type=\"section\" data-settings=\"{&quot;background_background&quot;:&quot;classic&quot;}\">\n\t\t\t\t\t\t<div class=\"elementor-container elementor-column-gap-no\">\n\t\t\t\t\t\t\t<div class=\"elementor-row\">\n\t\t\t\t\t<div class=\"elementor-column elementor-col-100 elementor-top-column elementor-element elementor-element-7224fc2\" data-id=\"7224fc2\" data-element_type=\"column\">\n\t\t\t<div class=\"elementor-column-wrap elementor-element-populated\">\n\t\t\t\t\t\t\t<div class=\"elementor-widget-wrap\">\n\t\t\t\t\t\t<div class=\"elementor-element elementor-element-0fd1fb9 elementor-widget elementor-widget-heading\" data-id=\"0fd1fb9\" data-element_type=\"widget\" data-widget_type=\"heading.default\">\n\t\t\t\t<div class=\"elementor-widget-container\">\n\t\t\t<h1 class=\"elementor-heading-title elementor-size-default\">Das Recht auf Ihrer Seite.<\/h1>\t\t<\/div>\n\t\t\t\t<\/div>\n\t\t\t\t<div class=\"elementor-element elementor-element-06b4093 elementor-widget-divider--view-line elementor-widget elementor-widget-divider\" data-id=\"06b4093\" data-element_type=\"widget\" data-widget_type=\"divider.default\">\n\t\t\t\t<div class=\"elementor-widget-container\">\n\t\t\t\t\t<div class=\"elementor-divider\">\n\t\t\t<span class=\"elementor-divider-separator\">\n\t\t\t\t\t\t<\/span>\n\t\t<\/div>\n\t\t\t\t<\/div>\n\t\t\t\t<\/div>\n\t\t\t\t<div class=\"elementor-element elementor-element-213eb6b elementor-widget elementor-widget-text-editor\" data-id=\"213eb6b\" data-element_type=\"widget\" data-widget_type=\"text-editor.default\">\n\t\t\t\t<div class=\"elementor-widget-container\">\n\t\t\t\t\t<div class=\"elementor-text-editor elementor-clearfix\"><h4>Mag. Bernd Wurnig ist Rechtsanwalt f\u00fcr Institutionen des privaten und \u00f6ffentlichen Rechts, Ver\u00adsicherungen, Klein- und Mittelunternehmen sowie Privatpersonen.<\/h4><\/div>\n\t\t\t\t<\/div>\n\t\t\t\t<\/div>\n\t\t\t\t\t\t<\/div>\n\t\t\t\t\t<\/div>\n\t\t<\/div>\n\t\t\t\t\t\t\t\t<\/div>\n\t\t\t\t\t<\/div>\n\t\t<\/section>\n\t\t\t\t<section class=\"elementor-section elementor-top-section elementor-element elementor-element-6382dab elementor-section-boxed elementor-section-height-default elementor-section-height-default\" data-id=\"6382dab\" data-element_type=\"section\" id=\"taetigkeit\">\n\t\t\t\t\t\t<div class=\"elementor-container elementor-column-gap-no\">\n\t\t\t\t\t\t\t<div class=\"elementor-row\">\n\t\t\t\t\t<div class=\"elementor-column elementor-col-50 elementor-top-column elementor-element elementor-element-0250267\" data-id=\"0250267\" data-element_type=\"column\">\n\t\t\t<div class=\"elementor-column-wrap elementor-element-populated\">\n\t\t\t\t\t\t\t<div class=\"elementor-widget-wrap\">\n\t\t\t\t\t\t<div class=\"elementor-element elementor-element-0035683 elementor-widget elementor-widget-heading\" data-id=\"0035683\" data-element_type=\"widget\" data-widget_type=\"heading.default\">\n\t\t\t\t<div class=\"elementor-widget-container\">\n\t\t\t<h2 class=\"elementor-heading-title elementor-size-default\">T\u00e4tigkeit und Rechtsgebiete<\/h2>\t\t<\/div>\n\t\t\t\t<\/div>\n\t\t\t\t\t\t<\/div>\n\t\t\t\t\t<\/div>\n\t\t<\/div>\n\t\t\t\t<div class=\"elementor-column elementor-col-50 elementor-top-column elementor-element elementor-element-a917392\" data-id=\"a917392\" data-element_type=\"column\">\n\t\t\t<div class=\"elementor-column-wrap elementor-element-populated\">\n\t\t\t\t\t\t\t<div class=\"elementor-widget-wrap\">\n\t\t\t\t\t\t<div class=\"elementor-element elementor-element-c5f926d elementor-widget elementor-widget-text-editor\" data-id=\"c5f926d\" data-element_type=\"widget\" data-widget_type=\"text-editor.default\">\n\t\t\t\t<div class=\"elementor-widget-container\">\n\t\t\t\t\t<div class=\"elementor-text-editor elementor-clearfix\"><p>Zivilrecht, Zivilgerichtliche Prozessf\u00fchrung, Vertragsrecht samt Treuhandabwicklung<\/p><p>Arbeitsrecht, Landesdienstrecht, Vertragsbedienstetenrecht<\/p><p>Strafrecht, Vertretung in gerichtlichen, finanz- und verwaltungsbeh\u00f6rdlichen Strafverfahren<\/p><p>Schadenersatz- und Gew\u00e4hrleistungsrecht, Abwicklung von Unfallsch\u00e4den, Regressrecht<\/p><p>Gerichtliche Forderungsbetreibung, Darlehensklagen<\/p><p>Grundst\u00fccks-\/Wohnungskauf- und Servitutsvertr\u00e4ge<\/p><\/div>\n\t\t\t\t<\/div>\n\t\t\t\t<\/div>\n\t\t\t\t\t\t<\/div>\n\t\t\t\t\t<\/div>\n\t\t<\/div>\n\t\t\t\t\t\t\t\t<\/div>\n\t\t\t\t\t<\/div>\n\t\t<\/section>\n\t\t\t\t<section class=\"elementor-section elementor-top-section elementor-element elementor-element-67b6039 elementor-section-full_width elementor-section-height-min-height elementor-section-height-default elementor-section-items-middle\" data-id=\"67b6039\" data-element_type=\"section\" data-settings=\"{&quot;background_background&quot;:&quot;classic&quot;}\">\n\t\t\t\t\t\t<div class=\"elementor-container elementor-column-gap-no\">\n\t\t\t\t\t\t\t<div class=\"elementor-row\">\n\t\t\t\t\t<div class=\"elementor-column elementor-col-100 elementor-top-column elementor-element elementor-element-fa92a22\" data-id=\"fa92a22\" data-element_type=\"column\">\n\t\t\t<div class=\"elementor-column-wrap\">\n\t\t\t\t\t\t\t<div class=\"elementor-widget-wrap\">\n\t\t\t\t\t\t\t\t<\/div>\n\t\t\t\t\t<\/div>\n\t\t<\/div>\n\t\t\t\t\t\t\t\t<\/div>\n\t\t\t\t\t<\/div>\n\t\t<\/section>\n\t\t\t\t<section class=\"elementor-section elementor-top-section elementor-element elementor-element-53b6071 elementor-section-boxed elementor-section-height-default elementor-section-height-default\" data-id=\"53b6071\" data-element_type=\"section\" id=\"person\" data-settings=\"{&quot;background_background&quot;:&quot;classic&quot;}\">\n\t\t\t\t\t\t<div class=\"elementor-container elementor-column-gap-no\">\n\t\t\t\t\t\t\t<div class=\"elementor-row\">\n\t\t\t\t\t<div class=\"elementor-column elementor-col-50 elementor-top-column elementor-element elementor-element-867212b\" data-id=\"867212b\" data-element_type=\"column\">\n\t\t\t<div class=\"elementor-column-wrap elementor-element-populated\">\n\t\t\t\t\t\t\t<div class=\"elementor-widget-wrap\">\n\t\t\t\t\t\t<div class=\"elementor-element elementor-element-5f44dfe elementor-widget elementor-widget-heading\" data-id=\"5f44dfe\" data-element_type=\"widget\" data-widget_type=\"heading.default\">\n\t\t\t\t<div class=\"elementor-widget-container\">\n\t\t\t<h2 class=\"elementor-heading-title elementor-size-default\">Zur Person<\/h2>\t\t<\/div>\n\t\t\t\t<\/div>\n\t\t\t\t<div class=\"elementor-element elementor-element-f4e362c elementor-widget elementor-widget-spacer\" data-id=\"f4e362c\" data-element_type=\"widget\" data-widget_type=\"spacer.default\">\n\t\t\t\t<div class=\"elementor-widget-container\">\n\t\t\t\t\t<div class=\"elementor-spacer\">\n\t\t\t<div class=\"elementor-spacer-inner\"><\/div>\n\t\t<\/div>\n\t\t\t\t<\/div>\n\t\t\t\t<\/div>\n\t\t\t\t<div class=\"elementor-element elementor-element-fd1e954 elementor-widget elementor-widget-image\" data-id=\"fd1e954\" data-element_type=\"widget\" data-widget_type=\"image.default\">\n\t\t\t\t<div class=\"elementor-widget-container\">\n\t\t\t\t\t<div class=\"elementor-image\">\n\t\t\t\t\t\t\t\t\t\t<img loading=\"lazy\" decoding=\"async\" width=\"1600\" height=\"1600\" src=\"https:\/\/ra-wurnig.at\/wp-content\/uploads\/2021\/03\/ryoji-iwata-low-Q.jpg\" class=\"attachment-full size-full\" alt=\"\" srcset=\"https:\/\/ra-wurnig.at\/wp-content\/uploads\/2021\/03\/ryoji-iwata-low-Q.jpg 1600w, https:\/\/ra-wurnig.at\/wp-content\/uploads\/2021\/03\/ryoji-iwata-low-Q-300x300.jpg 300w, https:\/\/ra-wurnig.at\/wp-content\/uploads\/2021\/03\/ryoji-iwata-low-Q-1024x1024.jpg 1024w, https:\/\/ra-wurnig.at\/wp-content\/uploads\/2021\/03\/ryoji-iwata-low-Q-150x150.jpg 150w, https:\/\/ra-wurnig.at\/wp-content\/uploads\/2021\/03\/ryoji-iwata-low-Q-768x768.jpg 768w, https:\/\/ra-wurnig.at\/wp-content\/uploads\/2021\/03\/ryoji-iwata-low-Q-1536x1536.jpg 1536w\" sizes=\"auto, (max-width: 1600px) 100vw, 1600px\" \/>\t\t\t\t\t\t\t\t\t\t\t<\/div>\n\t\t\t\t<\/div>\n\t\t\t\t<\/div>\n\t\t\t\t\t\t<\/div>\n\t\t\t\t\t<\/div>\n\t\t<\/div>\n\t\t\t\t<div class=\"elementor-column elementor-col-50 elementor-top-column elementor-element elementor-element-794cec2\" data-id=\"794cec2\" data-element_type=\"column\">\n\t\t\t<div class=\"elementor-column-wrap elementor-element-populated\">\n\t\t\t\t\t\t\t<div class=\"elementor-widget-wrap\">\n\t\t\t\t\t\t<div class=\"elementor-element elementor-element-e5d4b14 elementor-widget elementor-widget-heading\" data-id=\"e5d4b14\" data-element_type=\"widget\" data-widget_type=\"heading.default\">\n\t\t\t\t<div class=\"elementor-widget-container\">\n\t\t\t<h3 class=\"elementor-heading-title elementor-size-default\">Ausbildung<\/h3>\t\t<\/div>\n\t\t\t\t<\/div>\n\t\t\t\t<div class=\"elementor-element elementor-element-d5d04e5 elementor-widget elementor-widget-spacer\" data-id=\"d5d04e5\" data-element_type=\"widget\" data-widget_type=\"spacer.default\">\n\t\t\t\t<div class=\"elementor-widget-container\">\n\t\t\t\t\t<div class=\"elementor-spacer\">\n\t\t\t<div class=\"elementor-spacer-inner\"><\/div>\n\t\t<\/div>\n\t\t\t\t<\/div>\n\t\t\t\t<\/div>\n\t\t\t\t<div class=\"elementor-element elementor-element-2b2161e elementor-widget elementor-widget-text-editor\" data-id=\"2b2161e\" data-element_type=\"widget\" data-widget_type=\"text-editor.default\">\n\t\t\t\t<div class=\"elementor-widget-container\">\n\t\t\t\t\t<div class=\"elementor-text-editor elementor-clearfix\"><p>2000<br \/>Sponsion zum Magister iuris an der Karl-Franzens-Universit\u00e4t Graz<\/p><p>2001<br \/>Gerichtspraxis in Graz, F\u00fcrstenfeld und Leoben<\/p><p>2002<br \/>Kanzlei Dr. Karl Maier, Knittelfeld<\/p><p>2003<br \/>Kanzlei Eisenberger &amp; Herzog, Graz<\/p><\/div>\n\t\t\t\t<\/div>\n\t\t\t\t<\/div>\n\t\t\t\t<div class=\"elementor-element elementor-element-982c45d elementor-widget elementor-widget-spacer\" data-id=\"982c45d\" data-element_type=\"widget\" data-widget_type=\"spacer.default\">\n\t\t\t\t<div class=\"elementor-widget-container\">\n\t\t\t\t\t<div class=\"elementor-spacer\">\n\t\t\t<div class=\"elementor-spacer-inner\"><\/div>\n\t\t<\/div>\n\t\t\t\t<\/div>\n\t\t\t\t<\/div>\n\t\t\t\t<div class=\"elementor-element elementor-element-128c7ba elementor-widget elementor-widget-heading\" data-id=\"128c7ba\" data-element_type=\"widget\" data-widget_type=\"heading.default\">\n\t\t\t\t<div class=\"elementor-widget-container\">\n\t\t\t<h3 class=\"elementor-heading-title elementor-size-default\">Seit 2005 selbstst\u00e4ndiger Rechtsanwalt<\/h3>\t\t<\/div>\n\t\t\t\t<\/div>\n\t\t\t\t\t\t<\/div>\n\t\t\t\t\t<\/div>\n\t\t<\/div>\n\t\t\t\t\t\t\t\t<\/div>\n\t\t\t\t\t<\/div>\n\t\t<\/section>\n\t\t\t\t<section class=\"elementor-section elementor-top-section elementor-element elementor-element-8bd3fd9 elementor-section-full_width elementor-section-height-min-height elementor-section-height-default elementor-section-items-middle\" data-id=\"8bd3fd9\" data-element_type=\"section\" data-settings=\"{&quot;background_background&quot;:&quot;classic&quot;}\">\n\t\t\t\t\t\t<div class=\"elementor-container elementor-column-gap-no\">\n\t\t\t\t\t\t\t<div class=\"elementor-row\">\n\t\t\t\t\t<div class=\"elementor-column elementor-col-100 elementor-top-column elementor-element elementor-element-d861cb1\" data-id=\"d861cb1\" data-element_type=\"column\" data-settings=\"{&quot;background_background&quot;:&quot;classic&quot;}\">\n\t\t\t<div class=\"elementor-column-wrap\">\n\t\t\t\t\t\t\t<div class=\"elementor-widget-wrap\">\n\t\t\t\t\t\t\t\t<\/div>\n\t\t\t\t\t<\/div>\n\t\t<\/div>\n\t\t\t\t\t\t\t\t<\/div>\n\t\t\t\t\t<\/div>\n\t\t<\/section>\n\t\t\t\t<section class=\"elementor-section elementor-top-section elementor-element elementor-element-6c2565a elementor-section-boxed elementor-section-height-default elementor-section-height-default\" data-id=\"6c2565a\" data-element_type=\"section\" id=\"kontakt\">\n\t\t\t\t\t\t<div class=\"elementor-container elementor-column-gap-no\">\n\t\t\t\t\t\t\t<div class=\"elementor-row\">\n\t\t\t\t\t<div class=\"elementor-column elementor-col-50 elementor-top-column elementor-element elementor-element-745b3e9\" data-id=\"745b3e9\" data-element_type=\"column\">\n\t\t\t<div class=\"elementor-column-wrap elementor-element-populated\">\n\t\t\t\t\t\t\t<div class=\"elementor-widget-wrap\">\n\t\t\t\t\t\t<div class=\"elementor-element elementor-element-8f939ca elementor-widget elementor-widget-heading\" data-id=\"8f939ca\" data-element_type=\"widget\" data-widget_type=\"heading.default\">\n\t\t\t\t<div class=\"elementor-widget-container\">\n\t\t\t<h2 class=\"elementor-heading-title elementor-size-default\">Kontakt<\/h2>\t\t<\/div>\n\t\t\t\t<\/div>\n\t\t\t\t<div class=\"elementor-element elementor-element-5482d49 elementor-widget-divider--view-line elementor-widget elementor-widget-divider\" data-id=\"5482d49\" data-element_type=\"widget\" data-widget_type=\"divider.default\">\n\t\t\t\t<div class=\"elementor-widget-container\">\n\t\t\t\t\t<div class=\"elementor-divider\">\n\t\t\t<span class=\"elementor-divider-separator\">\n\t\t\t\t\t\t<\/span>\n\t\t<\/div>\n\t\t\t\t<\/div>\n\t\t\t\t<\/div>\n\t\t\t\t<div class=\"elementor-element elementor-element-767d950 elementor-widget elementor-widget-text-editor\" data-id=\"767d950\" data-element_type=\"widget\" data-widget_type=\"text-editor.default\">\n\t\t\t\t<div class=\"elementor-widget-container\">\n\t\t\t\t\t<div class=\"elementor-text-editor elementor-clearfix\"><h3>Mag. Bernd Wurnig<\/h3><h4>Nibelungengasse 48<br \/>8010 Graz<br \/>Tel. +43 316 82 71 28<br \/>Fax +43 316 82 71 28 &#8211; 10<br \/><a href=\"mailto:kanzlei@ra-wurnig.at\" target=\"_blank\" rel=\"noopener\">kanzlei@ra-wurnig.at<\/a><\/h4><\/div>\n\t\t\t\t<\/div>\n\t\t\t\t<\/div>\n\t\t\t\t\t\t<\/div>\n\t\t\t\t\t<\/div>\n\t\t<\/div>\n\t\t\t\t<div class=\"elementor-column elementor-col-50 elementor-top-column elementor-element elementor-element-9aa6ab2\" data-id=\"9aa6ab2\" data-element_type=\"column\">\n\t\t\t<div class=\"elementor-column-wrap elementor-element-populated\">\n\t\t\t\t\t\t\t<div class=\"elementor-widget-wrap\">\n\t\t\t\t\t\t<div class=\"elementor-element elementor-element-3962b2d elementor-widget elementor-widget-image\" data-id=\"3962b2d\" data-element_type=\"widget\" data-widget_type=\"image.default\">\n\t\t\t\t<div class=\"elementor-widget-container\">\n\t\t\t\t\t<div class=\"elementor-image\">\n\t\t\t\t\t\t\t\t\t\t\t<a href=\"https:\/\/goo.gl\/maps\/tng8wi7o9zGzj9qq8\" target=\"_blank\">\n\t\t\t\t\t\t\t<img loading=\"lazy\" decoding=\"async\" width=\"1200\" height=\"1200\" src=\"https:\/\/ra-wurnig.at\/wp-content\/uploads\/2021\/03\/RAW-Karte-1.png\" class=\"attachment-full size-full\" alt=\"\" srcset=\"https:\/\/ra-wurnig.at\/wp-content\/uploads\/2021\/03\/RAW-Karte-1.png 1200w, https:\/\/ra-wurnig.at\/wp-content\/uploads\/2021\/03\/RAW-Karte-1-300x300.png 300w, https:\/\/ra-wurnig.at\/wp-content\/uploads\/2021\/03\/RAW-Karte-1-1024x1024.png 1024w, https:\/\/ra-wurnig.at\/wp-content\/uploads\/2021\/03\/RAW-Karte-1-150x150.png 150w, https:\/\/ra-wurnig.at\/wp-content\/uploads\/2021\/03\/RAW-Karte-1-768x768.png 768w\" sizes=\"auto, (max-width: 1200px) 100vw, 1200px\" \/>\t\t\t\t\t\t\t\t<\/a>\n\t\t\t\t\t\t\t\t\t\t\t<\/div>\n\t\t\t\t<\/div>\n\t\t\t\t<\/div>\n\t\t\t\t\t\t<\/div>\n\t\t\t\t\t<\/div>\n\t\t<\/div>\n\t\t\t\t\t\t\t\t<\/div>\n\t\t\t\t\t<\/div>\n\t\t<\/section>\n\t\t\t\t\t\t<\/div>\n\t\t\t\t\t\t<\/div>\n\t\t\t\t\t<\/div>\n\t\t","protected":false},"excerpt":{"rendered":"<p>Das Recht auf Ihrer Seite. Mag. Bernd Wurnig ist Rechtsanwalt f\u00fcr Institutionen des privaten und \u00f6ffentlichen Rechts, Ver\u00adsicherungen, Klein- und Mittelunternehmen sowie Privatpersonen. T\u00e4tigkeit und Rechtsgebiete Zivilrecht, Zivilgerichtliche Prozessf\u00fchrung, Vertragsrecht samt Treuhandabwicklung Arbeitsrecht, Landesdienstrecht, Vertragsbedienstetenrecht Strafrecht, Vertretung in gerichtlichen, finanz- und verwaltungsbeh\u00f6rdlichen Strafverfahren Schadenersatz- und Gew\u00e4hrleistungsrecht, Abwicklung von Unfallsch\u00e4den, Regressrecht Gerichtliche Forderungsbetreibung, Darlehensklagen Grundst\u00fccks-\/Wohnungskauf- und [&hellip;]<\/p>\n","protected":false},"author":2,"featured_media":203,"parent":0,"menu_order":0,"comment_status":"closed","ping_status":"closed","template":"","meta":{"footnotes":""},"class_list":["post-28","page","type-page","status-publish","has-post-thumbnail","hentry"],"yoast_head":"<!-- This site is optimized with the Yoast SEO plugin v16.0.2 - https:\/\/yoast.com\/wordpress\/plugins\/seo\/ -->\n<title>RA\\W - Rechtsanwalt Mag. Bernd Wurnig<\/title>\n<meta name=\"description\" content=\"Mag. Bernd Wurnig ist Rechtsanwalt f\u00fcr Institutionen des privaten und \u00f6ffentlichen Rechts, Ver\u00adsicherungen, KMU und Privatpersonen.\" \/>\n<link rel=\"canonical\" href=\"https:\/\/ra-wurnig.at\/\" \/>\n<meta property=\"og:locale\" content=\"de_DE\" \/>\n<meta property=\"og:type\" content=\"article\" \/>\n<meta property=\"og:title\" content=\"RA\\W - Rechtsanwalt Mag. Bernd Wurnig\" \/>\n<meta property=\"og:description\" content=\"Mag. Bernd Wurnig ist Rechtsanwalt f\u00fcr Institutionen des privaten und \u00f6ffentlichen Rechts, Ver\u00adsicherungen, KMU und Privatpersonen.\" \/>\n<meta property=\"og:url\" content=\"https:\/\/ra-wurnig.at\/\" \/>\n<meta property=\"og:site_name\" content=\"Mag. Bernd Wurnig\" \/>\n<meta property=\"article:modified_time\" content=\"2021-03-13T16:50:15+00:00\" \/>\n<meta property=\"og:image\" content=\"https:\/\/ra-wurnig.at\/wp-content\/uploads\/2021\/03\/RAW-taylor-nicole-preview.jpg\" \/>\n\t<meta property=\"og:image:width\" content=\"800\" \/>\n\t<meta property=\"og:image:height\" content=\"800\" \/>\n<meta name=\"twitter:card\" content=\"summary_large_image\" \/>\n<meta name=\"twitter:label1\" content=\"Gesch\u00e4tzte Lesezeit\">\n\t<meta name=\"twitter:data1\" content=\"1\u00a0Minute\">\n<script type=\"application\/ld+json\" class=\"yoast-schema-graph\">{\"@context\":\"https:\/\/schema.org\",\"@graph\":[{\"@type\":\"WebSite\",\"@id\":\"https:\/\/ra-wurnig.at\/#website\",\"url\":\"https:\/\/ra-wurnig.at\/\",\"name\":\"Mag. Bernd Wurnig\",\"description\":\"Rechtsanwalt\",\"potentialAction\":[{\"@type\":\"SearchAction\",\"target\":\"https:\/\/ra-wurnig.at\/?s={search_term_string}\",\"query-input\":\"required name=search_term_string\"}],\"inLanguage\":\"de\"},{\"@type\":\"ImageObject\",\"@id\":\"https:\/\/ra-wurnig.at\/#primaryimage\",\"inLanguage\":\"de\",\"url\":\"https:\/\/ra-wurnig.at\/wp-content\/uploads\/2021\/03\/RAW-taylor-nicole-preview.jpg\",\"width\":800,\"height\":800},{\"@type\":\"WebPage\",\"@id\":\"https:\/\/ra-wurnig.at\/#webpage\",\"url\":\"https:\/\/ra-wurnig.at\/\",\"name\":\"RA\\\\W - Rechtsanwalt Mag. Bernd Wurnig\",\"isPartOf\":{\"@id\":\"https:\/\/ra-wurnig.at\/#website\"},\"primaryImageOfPage\":{\"@id\":\"https:\/\/ra-wurnig.at\/#primaryimage\"},\"datePublished\":\"2021-03-10T20:12:13+00:00\",\"dateModified\":\"2021-03-13T16:50:15+00:00\",\"description\":\"Mag. Bernd Wurnig ist Rechtsanwalt f\\u00fcr Institutionen des privaten und \\u00f6ffentlichen Rechts, Ver\\u00adsicherungen, KMU und Privatpersonen.\",\"breadcrumb\":{\"@id\":\"https:\/\/ra-wurnig.at\/#breadcrumb\"},\"inLanguage\":\"de\",\"potentialAction\":[{\"@type\":\"ReadAction\",\"target\":[\"https:\/\/ra-wurnig.at\/\"]}]},{\"@type\":\"BreadcrumbList\",\"@id\":\"https:\/\/ra-wurnig.at\/#breadcrumb\",\"itemListElement\":[{\"@type\":\"ListItem\",\"position\":1,\"item\":{\"@type\":\"WebPage\",\"@id\":\"https:\/\/ra-wurnig.at\/\",\"url\":\"https:\/\/ra-wurnig.at\/\",\"name\":\"Startseite\"}},{\"@type\":\"ListItem\",\"position\":2,\"item\":{\"@type\":\"WebPage\",\"@id\":\"https:\/\/ra-wurnig.at\/\",\"url\":\"https:\/\/ra-wurnig.at\/\",\"name\":\"RA\\\\W\"}}]}]}<\/script>\n<!-- \/ Yoast SEO plugin. -->","_links":{"self":[{"href":"https:\/\/ra-wurnig.at\/index.php\/wp-json\/wp\/v2\/pages\/28","targetHints":{"allow":["GET"]}}],"collection":[{"href":"https:\/\/ra-wurnig.at\/index.php\/wp-json\/wp\/v2\/pages"}],"about":[{"href":"https:\/\/ra-wurnig.at\/index.php\/wp-json\/wp\/v2\/types\/page"}],"author":[{"embeddable":true,"href":"https:\/\/ra-wurnig.at\/index.php\/wp-json\/wp\/v2\/users\/2"}],"replies":[{"embeddable":true,"href":"https:\/\/ra-wurnig.at\/index.php\/wp-json\/wp\/v2\/comments?post=28"}],"version-history":[{"count":162,"href":"https:\/\/ra-wurnig.at\/index.php\/wp-json\/wp\/v2\/pages\/28\/revisions"}],"predecessor-version":[{"id":382,"href":"https:\/\/ra-wurnig.at\/index.php\/wp-json\/wp\/v2\/pages\/28\/revisions\/382"}],"wp:featuredmedia":[{"embeddable":true,"href":"https:\/\/ra-wurnig.at\/index.php\/wp-json\/wp\/v2\/media\/203"}],"wp:attachment":[{"href":"https:\/\/ra-wurnig.at\/index.php\/wp-json\/wp\/v2\/media?parent=28"}],"curies":[{"name":"wp","href":"https:\/\/api.w.org\/{rel}","templated":true}]}}