{"id":178,"date":"2021-03-13T11:06:30","date_gmt":"2021-03-13T11:06:30","guid":{"rendered":"http:\/\/ra-wurnig.at\/?page_id=178"},"modified":"2021-03-13T13:08:18","modified_gmt":"2021-03-13T13:08:18","slug":"disclaimer","status":"publish","type":"page","link":"https:\/\/ra-wurnig.at\/index.php\/disclaimer\/","title":{"rendered":"Disclaimer"},"content":{"rendered":"\t\t<div data-elementor-type=\"wp-page\" data-elementor-id=\"178\" class=\"elementor elementor-178\" data-elementor-settings=\"[]\">\n\t\t\t\t\t\t<div class=\"elementor-inner\">\n\t\t\t\t\t\t\t<div class=\"elementor-section-wrap\">\n\t\t\t\t\t\t\t<section class=\"elementor-section elementor-top-section elementor-element elementor-element-17590dd elementor-section-full_width elementor-section-height-min-height elementor-section-height-default elementor-section-items-middle\" data-id=\"17590dd\" data-element_type=\"section\" data-settings=\"{&quot;background_background&quot;:&quot;classic&quot;}\">\n\t\t\t\t\t\t<div class=\"elementor-container elementor-column-gap-no\">\n\t\t\t\t\t\t\t<div class=\"elementor-row\">\n\t\t\t\t\t<div class=\"elementor-column elementor-col-100 elementor-top-column elementor-element elementor-element-e89cf3a\" data-id=\"e89cf3a\" data-element_type=\"column\">\n\t\t\t<div class=\"elementor-column-wrap\">\n\t\t\t\t\t\t\t<div class=\"elementor-widget-wrap\">\n\t\t\t\t\t\t\t\t<\/div>\n\t\t\t\t\t<\/div>\n\t\t<\/div>\n\t\t\t\t\t\t\t\t<\/div>\n\t\t\t\t\t<\/div>\n\t\t<\/section>\n\t\t\t\t<section class=\"elementor-section elementor-top-section elementor-element elementor-element-1b81bcb elementor-section-boxed elementor-section-height-default elementor-section-height-default\" data-id=\"1b81bcb\" data-element_type=\"section\">\n\t\t\t\t\t\t<div class=\"elementor-container elementor-column-gap-no\">\n\t\t\t\t\t\t\t<div class=\"elementor-row\">\n\t\t\t\t\t<div class=\"elementor-column elementor-col-100 elementor-top-column elementor-element elementor-element-6281593\" data-id=\"6281593\" data-element_type=\"column\">\n\t\t\t<div class=\"elementor-column-wrap elementor-element-populated\">\n\t\t\t\t\t\t\t<div class=\"elementor-widget-wrap\">\n\t\t\t\t\t\t<div class=\"elementor-element elementor-element-81b7c32 elementor-widget elementor-widget-heading\" data-id=\"81b7c32\" data-element_type=\"widget\" data-widget_type=\"heading.default\">\n\t\t\t\t<div class=\"elementor-widget-container\">\n\t\t\t<h2 class=\"elementor-heading-title elementor-size-default\">Datenschutz<\/h2>\t\t<\/div>\n\t\t\t\t<\/div>\n\t\t\t\t<div class=\"elementor-element elementor-element-20e4ca4 elementor-widget-divider--view-line elementor-widget elementor-widget-divider\" data-id=\"20e4ca4\" data-element_type=\"widget\" data-widget_type=\"divider.default\">\n\t\t\t\t<div class=\"elementor-widget-container\">\n\t\t\t\t\t<div class=\"elementor-divider\">\n\t\t\t<span class=\"elementor-divider-separator\">\n\t\t\t\t\t\t<\/span>\n\t\t<\/div>\n\t\t\t\t<\/div>\n\t\t\t\t<\/div>\n\t\t\t\t<div class=\"elementor-element elementor-element-0313b2b elementor-widget elementor-widget-text-editor\" data-id=\"0313b2b\" data-element_type=\"widget\" data-widget_type=\"text-editor.default\">\n\t\t\t\t<div class=\"elementor-widget-container\">\n\t\t\t\t\t<div class=\"elementor-text-editor elementor-clearfix\"><p>Geltungsbereich: Diese Datenschutzerkl\u00e4rung kl\u00e4rt Nutzer \u00fcber die Art, den Umfang und Zwecke der Erhebung und Verwendung personenbezogener Daten durch den verantwortlichen Anbieter (Mag. Bernd Wurnig) auf dieser Website (im folgenden \u201cAngebot\u201d) auf. Die rechtlichen Grundlagen des Datenschutzes finden sich in der Datenschutz-Grundverordnung (DSGVO).<\/p><p>Bei der Kontaktaufnahme mit dem Anbieter (zum Beispiel per Kontaktformular oder E-Mail) werden die Angaben der Nutzer zwecks Bearbeitung der Anfrage sowie f\u00fcr den Fall, dass Anschlussfragen entstehen, gespeichert.<\/p><p>Widerruf, \u00c4nderungen, Berichtigungen und Aktualisierungen:\u00a0Nutzer haben grunds\u00e4tzlich das Recht, auf Antrag unentgeltlich Auskunft zu erhalten \u00fcber die personenbezogenen Daten, die \u00fcber ihn oder sie gespeichert wurden. Zus\u00e4tzlich haben Nutzer das Recht auf Berichtigung unrichtiger Daten, Sperrung und L\u00f6schung ihrer personenbezogenen Daten, soweit dem keine gesetzliche Aufbewahrungspflicht entgegensteht.<\/p><\/div>\n\t\t\t\t<\/div>\n\t\t\t\t<\/div>\n\t\t\t\t<div class=\"elementor-element elementor-element-80ca706 elementor-widget elementor-widget-spacer\" data-id=\"80ca706\" data-element_type=\"widget\" data-widget_type=\"spacer.default\">\n\t\t\t\t<div class=\"elementor-widget-container\">\n\t\t\t\t\t<div class=\"elementor-spacer\">\n\t\t\t<div class=\"elementor-spacer-inner\"><\/div>\n\t\t<\/div>\n\t\t\t\t<\/div>\n\t\t\t\t<\/div>\n\t\t\t\t<div class=\"elementor-element elementor-element-5ca9007 elementor-widget elementor-widget-heading\" data-id=\"5ca9007\" data-element_type=\"widget\" data-widget_type=\"heading.default\">\n\t\t\t\t<div class=\"elementor-widget-container\">\n\t\t\t<h2 class=\"elementor-heading-title elementor-size-default\">Disclaimer<\/h2>\t\t<\/div>\n\t\t\t\t<\/div>\n\t\t\t\t<div class=\"elementor-element elementor-element-a7fe774 elementor-widget-divider--view-line elementor-widget elementor-widget-divider\" data-id=\"a7fe774\" data-element_type=\"widget\" data-widget_type=\"divider.default\">\n\t\t\t\t<div class=\"elementor-widget-container\">\n\t\t\t\t\t<div class=\"elementor-divider\">\n\t\t\t<span class=\"elementor-divider-separator\">\n\t\t\t\t\t\t<\/span>\n\t\t<\/div>\n\t\t\t\t<\/div>\n\t\t\t\t<\/div>\n\t\t\t\t<div class=\"elementor-element elementor-element-7bf7f8c elementor-widget elementor-widget-text-editor\" data-id=\"7bf7f8c\" data-element_type=\"widget\" data-widget_type=\"text-editor.default\">\n\t\t\t\t<div class=\"elementor-widget-container\">\n\t\t\t\t\t<div class=\"elementor-text-editor elementor-clearfix\"><p>Ihr Zugriff auf diese Website erfolgt in jeder Hinsicht ausschlie\u00dflich auf Ihre eigene Gefahr. F\u00fcr allf\u00e4llige Sch\u00e4den bzw. Nachteile welcher Art und welchen Umfanges auch immer, die durch Ihren Zugriff und\/oder die Verwendung dieser Website und\/oder durch Verwendung der auf der Website angebotenen Informationen (insbesondere auch durch eine allf\u00e4llige Infizierung\/Besch\u00e4digung Ihres Computers und\/oder Ihrer Computerumgebung und\/oder Ihrer Daten und\/oder Ihrer Programme mit Viren oder dergleichen) resultieren k\u00f6nnen, \u00fcbernimmt Mag. Bernd Wurnig keine wie immer geartete Haftung, gleichg\u00fcltig aus welchem tats\u00e4chlichen oder rechtlichen Grund eine solche Haftung abgeleitet werden k\u00f6nnte.<\/p><p>Mag. Bernd Wurnig \u00fcbernimmt auch keine wie immer geartete Haftung f\u00fcr die Inhalte von externen Websites dritter, die \u00fcber Verkn\u00fcpfungen (Hyperlinks) von dieser Website erreicht werden k\u00f6nnen oder die ihrerseits auf diese Website verweisen. Mag. Bernd Wurnig \u00fcbernimmt insbesondere weder eine Haftung f\u00fcr den Inhalt solcher verlinkter Websites, noch f\u00fcr deren Aktualit\u00e4t, Richtigkeit, Vollst\u00e4ndigkeit und Gesetzeskonformit\u00e4t. Allf\u00e4llige Links zu externen Websites dritter werden Ihnen nur als zus\u00e4tzliches Service zur Verf\u00fcgung gestellt, das Sie auf eigene Gefahr nutzen k\u00f6nnen. Solche externen Websites liegen jedenfalls au\u00dferhalb jeglicher Kontrolle und jeglicher Verantwortung von Mag. Bernd Wurnig.<\/p><p>Alle auf dieser Website dargestellten Logos und Fotos befinden sich im Eigentum von Mag. Bernd Wurnig bzw. ist dieser im Besitz der entsprechenden Nutzungsrechte und d\u00fcrfen ohne dessen vorheriger, ausdr\u00fccklicher und schriftlicher Zustimmung in keiner wie immer gearteten Form genutzt oder verwertet werden. Keine der Informationen auf dieser Website ist als eine Gew\u00e4hrung von Lizenzen oder Rechten an Logos, Fotos, Inhalten oder dergleichen zu interpretieren. <br \/><br \/>Mag. Bernd Wurnig beh\u00e4lt sich die Rechte an Texten, Bildern, Grafiken oder dergleichen und sonstigen Materialien sowie deren Anordnung auf der Website vor. Der Inhalt der Website darf nicht zu kommerziellen Zwecken kopiert, verarbeitet, ver\u00e4ndert oder dritten zug\u00e4nglich gemacht werden. Mag. Bernd Wurnig beh\u00e4lt sich des Weiteren vor, den Inhalt seiner Website jederzeit zu \u00e4ndern und\/oder zu erg\u00e4nzen sowie ganz oder teilweise zu l\u00f6schen. Mag. Bernd Wurnig \u00fcbernimmt keine Haftung f\u00fcr allenfalls daraus resultierende Konsequenzen welcher Art und welchen Umfanges diese auch immer sein m\u00f6gen. <br \/><br \/>Alle auf dieser Website dargebotenen Inhalte stellen lediglich eine generelle Information und keineswegs eine Rechtsberatung durch Rechtsanwalt Mag. Bernd Wurnig oder ein Angebot f\u00fcr eine solche dar.<\/p><\/div>\n\t\t\t\t<\/div>\n\t\t\t\t<\/div>\n\t\t\t\t\t\t<\/div>\n\t\t\t\t\t<\/div>\n\t\t<\/div>\n\t\t\t\t\t\t\t\t<\/div>\n\t\t\t\t\t<\/div>\n\t\t<\/section>\n\t\t\t\t\t\t<\/div>\n\t\t\t\t\t\t<\/div>\n\t\t\t\t\t<\/div>\n\t\t","protected":false},"excerpt":{"rendered":"<p>Datenschutz Geltungsbereich: Diese Datenschutzerkl\u00e4rung kl\u00e4rt Nutzer \u00fcber die Art, den Umfang und Zwecke der Erhebung und Verwendung personenbezogener Daten durch den verantwortlichen Anbieter (Mag. Bernd Wurnig) auf dieser Website (im folgenden \u201cAngebot\u201d) auf. Die rechtlichen Grundlagen des Datenschutzes finden sich in der Datenschutz-Grundverordnung (DSGVO). Bei der Kontaktaufnahme mit dem Anbieter (zum Beispiel per Kontaktformular oder [&hellip;]<\/p>\n","protected":false},"author":2,"featured_media":165,"parent":0,"menu_order":0,"comment_status":"closed","ping_status":"closed","template":"","meta":{"footnotes":""},"class_list":["post-178","page","type-page","status-publish","has-post-thumbnail","hentry"],"yoast_head":"<!-- This site is optimized with the Yoast SEO plugin v16.0.2 - https:\/\/yoast.com\/wordpress\/plugins\/seo\/ -->\n<title>Disclaimer - Rechtsanwalt Mag. Bernd Wurnig<\/title>\n<meta name=\"description\" content=\"Mag. Bernd Wurnig ist Rechtsanwalt f\u00fcr Institutionen des privaten und \u00f6ffentlichen Rechts, Ver\u00adsicherungen, KMU sowie Privatpersonen.\" \/>\n<link rel=\"canonical\" href=\"https:\/\/ra-wurnig.at\/index.php\/disclaimer\/\" \/>\n<meta property=\"og:locale\" content=\"de_DE\" \/>\n<meta property=\"og:type\" content=\"article\" \/>\n<meta property=\"og:title\" content=\"Disclaimer - Rechtsanwalt Mag. Bernd Wurnig\" \/>\n<meta property=\"og:description\" content=\"Mag. Bernd Wurnig ist Rechtsanwalt f\u00fcr Institutionen des privaten und \u00f6ffentlichen Rechts, Ver\u00adsicherungen, KMU sowie Privatpersonen.\" \/>\n<meta property=\"og:url\" content=\"https:\/\/ra-wurnig.at\/index.php\/disclaimer\/\" \/>\n<meta property=\"og:site_name\" content=\"Mag. Bernd Wurnig\" \/>\n<meta property=\"article:modified_time\" content=\"2021-03-13T13:08:18+00:00\" \/>\n<meta property=\"og:image\" content=\"https:\/\/ra-wurnig.at\/wp-content\/uploads\/2021\/03\/etienne-pauthenet-unsplash-scaled.jpg\" \/>\n\t<meta property=\"og:image:width\" content=\"2560\" \/>\n\t<meta property=\"og:image:height\" content=\"1707\" \/>\n<meta name=\"twitter:card\" content=\"summary_large_image\" \/>\n<meta name=\"twitter:label1\" content=\"Gesch\u00e4tzte Lesezeit\">\n\t<meta name=\"twitter:data1\" content=\"3\u00a0Minuten\">\n<script type=\"application\/ld+json\" class=\"yoast-schema-graph\">{\"@context\":\"https:\/\/schema.org\",\"@graph\":[{\"@type\":\"WebSite\",\"@id\":\"https:\/\/ra-wurnig.at\/#website\",\"url\":\"https:\/\/ra-wurnig.at\/\",\"name\":\"Mag. Bernd Wurnig\",\"description\":\"Rechtsanwalt\",\"potentialAction\":[{\"@type\":\"SearchAction\",\"target\":\"https:\/\/ra-wurnig.at\/?s={search_term_string}\",\"query-input\":\"required name=search_term_string\"}],\"inLanguage\":\"de\"},{\"@type\":\"ImageObject\",\"@id\":\"https:\/\/ra-wurnig.at\/index.php\/disclaimer\/#primaryimage\",\"inLanguage\":\"de\",\"url\":\"https:\/\/ra-wurnig.at\/wp-content\/uploads\/2021\/03\/etienne-pauthenet-unsplash-scaled.jpg\",\"width\":2560,\"height\":1707},{\"@type\":\"WebPage\",\"@id\":\"https:\/\/ra-wurnig.at\/index.php\/disclaimer\/#webpage\",\"url\":\"https:\/\/ra-wurnig.at\/index.php\/disclaimer\/\",\"name\":\"Disclaimer - Rechtsanwalt Mag. Bernd Wurnig\",\"isPartOf\":{\"@id\":\"https:\/\/ra-wurnig.at\/#website\"},\"primaryImageOfPage\":{\"@id\":\"https:\/\/ra-wurnig.at\/index.php\/disclaimer\/#primaryimage\"},\"datePublished\":\"2021-03-13T11:06:30+00:00\",\"dateModified\":\"2021-03-13T13:08:18+00:00\",\"description\":\"Mag. Bernd Wurnig ist Rechtsanwalt f\\u00fcr Institutionen des privaten und \\u00f6ffentlichen Rechts, Ver\\u00adsicherungen, KMU sowie Privatpersonen.\",\"breadcrumb\":{\"@id\":\"https:\/\/ra-wurnig.at\/index.php\/disclaimer\/#breadcrumb\"},\"inLanguage\":\"de\",\"potentialAction\":[{\"@type\":\"ReadAction\",\"target\":[\"https:\/\/ra-wurnig.at\/index.php\/disclaimer\/\"]}]},{\"@type\":\"BreadcrumbList\",\"@id\":\"https:\/\/ra-wurnig.at\/index.php\/disclaimer\/#breadcrumb\",\"itemListElement\":[{\"@type\":\"ListItem\",\"position\":1,\"item\":{\"@type\":\"WebPage\",\"@id\":\"https:\/\/ra-wurnig.at\/\",\"url\":\"https:\/\/ra-wurnig.at\/\",\"name\":\"Startseite\"}},{\"@type\":\"ListItem\",\"position\":2,\"item\":{\"@type\":\"WebPage\",\"@id\":\"https:\/\/ra-wurnig.at\/index.php\/disclaimer\/\",\"url\":\"https:\/\/ra-wurnig.at\/index.php\/disclaimer\/\",\"name\":\"Disclaimer\"}}]}]}<\/script>\n<!-- \/ Yoast SEO plugin. -->","_links":{"self":[{"href":"https:\/\/ra-wurnig.at\/index.php\/wp-json\/wp\/v2\/pages\/178","targetHints":{"allow":["GET"]}}],"collection":[{"href":"https:\/\/ra-wurnig.at\/index.php\/wp-json\/wp\/v2\/pages"}],"about":[{"href":"https:\/\/ra-wurnig.at\/index.php\/wp-json\/wp\/v2\/types\/page"}],"author":[{"embeddable":true,"href":"https:\/\/ra-wurnig.at\/index.php\/wp-json\/wp\/v2\/users\/2"}],"replies":[{"embeddable":true,"href":"https:\/\/ra-wurnig.at\/index.php\/wp-json\/wp\/v2\/comments?post=178"}],"version-history":[{"count":29,"href":"https:\/\/ra-wurnig.at\/index.php\/wp-json\/wp\/v2\/pages\/178\/revisions"}],"predecessor-version":[{"id":319,"href":"https:\/\/ra-wurnig.at\/index.php\/wp-json\/wp\/v2\/pages\/178\/revisions\/319"}],"wp:featuredmedia":[{"embeddable":true,"href":"https:\/\/ra-wurnig.at\/index.php\/wp-json\/wp\/v2\/media\/165"}],"wp:attachment":[{"href":"https:\/\/ra-wurnig.at\/index.php\/wp-json\/wp\/v2\/media?parent=178"}],"curies":[{"name":"wp","href":"https:\/\/api.w.org\/{rel}","templated":true}]}}